{"id":11,"date":"2006-10-30T13:44:00","date_gmt":"2006-10-30T12:44:00","guid":{"rendered":"http:\/\/www.nanopausa.com\/?page_id=4"},"modified":"2006-10-30T13:44:00","modified_gmt":"2006-10-30T12:44:00","slug":"perche-nanopausa","status":"publish","type":"page","link":"https:\/\/nanopausa.com\/it\/slawka\/perche-nanopausa\/","title":{"rendered":"Perch\u00e9 Nanopausa"},"content":{"rendered":"<p><span style=\"color: #800080;\"><strong>Nano Pausa, Micro Lettura<\/strong><\/span>\u00a0\u00e8 nato nella primavera del 2006 come uno spazio dove pubblicare i miei racconti, le mie poesie, e metterle alla gogna. Perch\u00e8 questo nome? In realt\u00e0 \u00e8 in parte un riflesso del mio primo vero blog, Marketingdelvino.it \u2013 Nano Pausa infatti indica una breve pausa di lettura per quelli che leggono gi\u00e0 Marketingdelvino. Un diversivo da abbinare all\u2019altro blog. Quanto a \u201cMicro Lettura\u201d, beh, \u00e8 un po\u2019 come il mio marchio. Chi mi conosce sa l\u2019importanza che do alla sintesi, soprattutto su internet. Per come la vedo io, \u00e8 inutile pretendere che qualcuno legga a schermo un racconto infinito se io sono la prima che non ci riesce.<\/p>\n<h3>Le sezioni principali di questo sito<\/h3>\n<p><strong><a href=\"http:\/\/www.nanopausa.com\/il-vino-in-italia\/\">Il vino in Italia<\/a><\/strong> &#8211; questa \u00e8 la sezione dedicata al mio libro Il vino in Italia &#8211; regione per regione guida narrata al turismo del vino. Qui potete trovare aggiornamenti sulle presentazioni, le foto scattate durante i viaggi fatti per raccogliere il materiale per la stesura del libro, un po&#8217; di aneddoti dal backstage e la cronaca dei viaggi fatti dopo la pubblicazione del libro.<\/p>\n<p><strong><a href=\"http:\/\/www.nanopausa.com\/cammino-di-santiago-con-tessa\/\">Il Cammino di Santiago con Tessa<\/a><\/strong> &#8211; in questa sezione sto raccontando i preparativi per la partenza per il Cammino di Santiago. Nel 2012 infatti torner\u00f2 sul Cammino di Santiago ma, rispetto alle prime due volte in cui ero partita da sola, stavolta partir\u00f2 assieme al mio labrador, Tessa.<\/p>\n<p><strong><a href=\"http:\/\/www.nanopausa.com\/category\/con-o-senza-rima\/\">Con o senza rima<\/a><\/strong> &#8211; &#8220;Non scrivo poesie ma racconti che vanno frequentemente a capo&#8221;, cos\u00ec amo dire parlando dei miei scritti in versi. In questa sezione potete trovare quelli che finora ho pubblicato online, assieme a qualche microracconto.<\/p>\n","protected":false},"excerpt":{"rendered":"<p>Nano Pausa, Micro Lettura\u00a0\u00e8 nato nella primavera del 2006 come uno spazio dove pubblicare i miei racconti, le mie poesie, e metterle alla gogna. Perch\u00e8 questo nome? In realt\u00e0 \u00e8&#8230;<\/p>\n","protected":false},"author":1,"featured_media":0,"parent":10,"menu_order":0,"comment_status":"open","ping_status":"open","template":"","meta":{"footnotes":""},"yoast_head":"<!-- This site is optimized with the Yoast SEO plugin v23.5 - https:\/\/yoast.com\/wordpress\/plugins\/seo\/ -->\n<title>Perch\u00e9 Nanopausa &#8212; Slawka G. Scarso<\/title>\n<meta name=\"robots\" content=\"index, follow, max-snippet:-1, max-image-preview:large, max-video-preview:-1\" \/>\n<link rel=\"canonical\" href=\"https:\/\/nanopausa.com\/it\/slawka\/perche-nanopausa\/\" \/>\n<meta property=\"og:locale\" content=\"it_IT\" \/>\n<meta property=\"og:type\" content=\"article\" \/>\n<meta property=\"og:title\" content=\"Perch\u00e9 Nanopausa &#8212; Slawka G. Scarso\" \/>\n<meta property=\"og:description\" content=\"Nano Pausa, Micro Lettura\u00a0\u00e8 nato nella primavera del 2006 come uno spazio dove pubblicare i miei racconti, le mie poesie, e metterle alla gogna. Perch\u00e8 questo nome? In realt\u00e0 \u00e8...\" \/>\n<meta property=\"og:url\" content=\"https:\/\/nanopausa.com\/it\/slawka\/perche-nanopausa\/\" \/>\n<meta property=\"og:site_name\" content=\"Slawka G. Scarso\" \/>\n<meta name=\"twitter:card\" content=\"summary_large_image\" \/>\n<meta name=\"twitter:label1\" content=\"Tempo di lettura stimato\" \/>\n\t<meta name=\"twitter:data1\" content=\"1 minuto\" \/>\n<script type=\"application\/ld+json\" class=\"yoast-schema-graph\">{\"@context\":\"https:\/\/schema.org\",\"@graph\":[{\"@type\":\"WebPage\",\"@id\":\"https:\/\/nanopausa.com\/it\/slawka\/perche-nanopausa\/\",\"url\":\"https:\/\/nanopausa.com\/it\/slawka\/perche-nanopausa\/\",\"name\":\"Perch\u00e9 Nanopausa &#8212; Slawka G. Scarso\",\"isPartOf\":{\"@id\":\"https:\/\/nanopausa.com\/it\/#website\"},\"datePublished\":\"2006-10-30T12:44:00+00:00\",\"dateModified\":\"2006-10-30T12:44:00+00:00\",\"breadcrumb\":{\"@id\":\"https:\/\/nanopausa.com\/it\/slawka\/perche-nanopausa\/#breadcrumb\"},\"inLanguage\":\"it-IT\",\"potentialAction\":[{\"@type\":\"ReadAction\",\"target\":[\"https:\/\/nanopausa.com\/it\/slawka\/perche-nanopausa\/\"]}]},{\"@type\":\"BreadcrumbList\",\"@id\":\"https:\/\/nanopausa.com\/it\/slawka\/perche-nanopausa\/#breadcrumb\",\"itemListElement\":[{\"@type\":\"ListItem\",\"position\":1,\"name\":\"Home\",\"item\":\"https:\/\/nanopausa.com\/it\/\"},{\"@type\":\"ListItem\",\"position\":2,\"name\":\"Chi sono\",\"item\":\"https:\/\/nanopausa.com\/it\/slawka\/\"},{\"@type\":\"ListItem\",\"position\":3,\"name\":\"Perch\u00e9 Nanopausa\"}]},{\"@type\":\"WebSite\",\"@id\":\"https:\/\/nanopausa.com\/it\/#website\",\"url\":\"https:\/\/nanopausa.com\/it\/\",\"name\":\"Slawka G. Scarso\",\"description\":\"Short stories, poems and the odd travel note \/\/ Racconti, poesie, e qualche appunto di viaggio\",\"potentialAction\":[{\"@type\":\"SearchAction\",\"target\":{\"@type\":\"EntryPoint\",\"urlTemplate\":\"https:\/\/nanopausa.com\/it\/?s={search_term_string}\"},\"query-input\":{\"@type\":\"PropertyValueSpecification\",\"valueRequired\":true,\"valueName\":\"search_term_string\"}}],\"inLanguage\":\"it-IT\"}]}<\/script>\n<!-- \/ Yoast SEO plugin. -->","yoast_head_json":{"title":"Perch\u00e9 Nanopausa &#8212; Slawka G. Scarso","robots":{"index":"index","follow":"follow","max-snippet":"max-snippet:-1","max-image-preview":"max-image-preview:large","max-video-preview":"max-video-preview:-1"},"canonical":"https:\/\/nanopausa.com\/it\/slawka\/perche-nanopausa\/","og_locale":"it_IT","og_type":"article","og_title":"Perch\u00e9 Nanopausa &#8212; Slawka G. Scarso","og_description":"Nano Pausa, Micro Lettura\u00a0\u00e8 nato nella primavera del 2006 come uno spazio dove pubblicare i miei racconti, le mie poesie, e metterle alla gogna. Perch\u00e8 questo nome? In realt\u00e0 \u00e8...","og_url":"https:\/\/nanopausa.com\/it\/slawka\/perche-nanopausa\/","og_site_name":"Slawka G. Scarso","twitter_card":"summary_large_image","twitter_misc":{"Tempo di lettura stimato":"1 minuto"},"schema":{"@context":"https:\/\/schema.org","@graph":[{"@type":"WebPage","@id":"https:\/\/nanopausa.com\/it\/slawka\/perche-nanopausa\/","url":"https:\/\/nanopausa.com\/it\/slawka\/perche-nanopausa\/","name":"Perch\u00e9 Nanopausa &#8212; Slawka G. Scarso","isPartOf":{"@id":"https:\/\/nanopausa.com\/it\/#website"},"datePublished":"2006-10-30T12:44:00+00:00","dateModified":"2006-10-30T12:44:00+00:00","breadcrumb":{"@id":"https:\/\/nanopausa.com\/it\/slawka\/perche-nanopausa\/#breadcrumb"},"inLanguage":"it-IT","potentialAction":[{"@type":"ReadAction","target":["https:\/\/nanopausa.com\/it\/slawka\/perche-nanopausa\/"]}]},{"@type":"BreadcrumbList","@id":"https:\/\/nanopausa.com\/it\/slawka\/perche-nanopausa\/#breadcrumb","itemListElement":[{"@type":"ListItem","position":1,"name":"Home","item":"https:\/\/nanopausa.com\/it\/"},{"@type":"ListItem","position":2,"name":"Chi sono","item":"https:\/\/nanopausa.com\/it\/slawka\/"},{"@type":"ListItem","position":3,"name":"Perch\u00e9 Nanopausa"}]},{"@type":"WebSite","@id":"https:\/\/nanopausa.com\/it\/#website","url":"https:\/\/nanopausa.com\/it\/","name":"Slawka G. Scarso","description":"Short stories, poems and the odd travel note \/\/ Racconti, poesie, e qualche appunto di viaggio","potentialAction":[{"@type":"SearchAction","target":{"@type":"EntryPoint","urlTemplate":"https:\/\/nanopausa.com\/it\/?s={search_term_string}"},"query-input":{"@type":"PropertyValueSpecification","valueRequired":true,"valueName":"search_term_string"}}],"inLanguage":"it-IT"}]}},"_links":{"self":[{"href":"https:\/\/nanopausa.com\/it\/wp-json\/wp\/v2\/pages\/11"}],"collection":[{"href":"https:\/\/nanopausa.com\/it\/wp-json\/wp\/v2\/pages"}],"about":[{"href":"https:\/\/nanopausa.com\/it\/wp-json\/wp\/v2\/types\/page"}],"author":[{"embeddable":true,"href":"https:\/\/nanopausa.com\/it\/wp-json\/wp\/v2\/users\/1"}],"replies":[{"embeddable":true,"href":"https:\/\/nanopausa.com\/it\/wp-json\/wp\/v2\/comments?post=11"}],"version-history":[{"count":0,"href":"https:\/\/nanopausa.com\/it\/wp-json\/wp\/v2\/pages\/11\/revisions"}],"up":[{"embeddable":true,"href":"https:\/\/nanopausa.com\/it\/wp-json\/wp\/v2\/pages\/10"}],"wp:attachment":[{"href":"https:\/\/nanopausa.com\/it\/wp-json\/wp\/v2\/media?parent=11"}],"curies":[{"name":"wp","href":"https:\/\/api.w.org\/{rel}","templated":true}]}}